{"id":3055,"date":"2016-03-28T09:28:14","date_gmt":"2016-03-28T09:28:14","guid":{"rendered":"http:\/\/wp.magnium-themes.com\/thebuilt\/thebuilt-3\/?page_id=11"},"modified":"2026-02-25T11:06:26","modified_gmt":"2026-02-25T10:06:26","slug":"paginaprincipal","status":"publish","type":"page","link":"https:\/\/billegas.com\/","title":{"rendered":"paginaprincipal"},"content":{"rendered":"<div class=\"wpb-content-wrapper\"><p>[vc_row css=\u00bb.vc_custom_1465986795347{margin-top: -40px !important;}\u00bb][vc_column][rev_slider_vc alias=\u00bbservice-slider\u00bb][\/vc_column][\/vc_row][vc_row css=\u00bb.vc_custom_1465991303714{margin-top: 30px !important;}\u00bb][vc_column width=\u00bb1\/4&#8243;]<div class=\"mgt-header-block clearfix text-center text-black wpb_content_element  mgt-header-block-style-2 mgt-header-texttransform-subheader \"><h2 class=\"mgt-header-block-title\">Enlaces de inter\u00e9s<\/h2><\/div>[vc_raw_html css=\u00bb\u00bb]JTNDZGl2JTIwY2xhc3MlM0QlMjJ3aWRnZXQtZG93bmxvYWQtbGluay13cmFwcGVyJTIyJTNFJTBBJTIwJTIwJTNDZGl2JTIwY2xhc3MlM0QlMjJ3aWRnZXQtZG93bmxvYWQtaWNvbiUyMiUzRSUzQ2klMjBjbGFzcyUzRCUyMmZhJTIwZmEtZmlsZS1wZGYtbyUyMiUzRSUzQyUyRmklM0UlM0MlMkZkaXYlM0UlMEElMjAlMjAlM0NkaXYlMjBjbGFzcyUzRCUyMndpZGdldC1kb3dubG9hZC1kZXRhaWxzJTIyJTNFJTBBJTIwJTIwJTIwJTIwJTNDZGl2JTIwY2xhc3MlM0QlMjJ3aWRnZXQtZG93bmxvYWQtdGl0bGUlMjIlM0UlM0NhJTIwaHJlZiUzRCUyMmh0dHAlM0ElMkYlMkZiaWxsZWdhcy5jb20lMkZ3cC1jb250ZW50JTJGdXBsb2FkcyUyRjIwMjYlMkYwMiUyRkJpbGxlZ2FzZG9zc2llci5wZGYlMjIlMjB0YXJnZXQlM0QlMjJfYmxhbmslMjIlMjByZWwlM0QlMjJub29wZW5lciUyMiUzRVJlc3VtZW4lMjBwcm95ZWN0b3MlM0MlMkZhJTNFJTNDJTJGZGl2JTNFJTBBJTIwJTIwJTIwJTIwJTNDZGl2JTIwY2xhc3MlM0QlMjJ3aWRnZXQtZG93bmxvYWQtc3VidGl0bGUlMjIlM0UyLjMlMjBtYiUyQyUyMFBERiUzQyUyRmRpdiUzRSUwQSUyMCUyMCUzQyUyRmRpdiUzRSUwQSUzQyUyRmRpdiUzRSUwQSUzQ2RpdiUyMGNsYXNzJTNEJTIyd2lkZ2V0LWRvd25sb2FkLWxpbmstd3JhcHBlciUyMiUzRSUwQSUyMCUyMCUzQ2RpdiUyMGNsYXNzJTNEJTIyd2lkZ2V0LWRvd25sb2FkLWljb24lMjIlM0UlM0NpJTIwY2xhc3MlM0QlMjIlMjIlM0UlM0MlMkZpJTNFJTNDJTJGZGl2JTNFJTBBJTIwJTIwJTNDZGl2JTIwY2xhc3MlM0QlMjJ3aWRnZXQtZG93bmxvYWQtZGV0YWlscyUyMiUzRSUwQSUyMCUyMCUyMCUyMCUzQ2RpdiUyMGNsYXNzJTNEJTIyd2lkZ2V0LWRvd25sb2FkLXRpdGxlJTIyJTNFJTNDYSUyMGhyZWYlM0QlMjIlMjIlMjB0YXJnZXQlM0QlMjJfYmxhbmslMjIlMjByZWwlM0QlMjJub29wZW5lciUyMiUzRVRyYWJhamElMjBjb24lMjBub3NvdHJvcyUzQyUyRmElM0UlM0MlMkZkaXYlM0UlMEElMjAlMjAlMjAlMjAlM0NkaXYlMjBjbGFzcyUzRCUyMndpZGdldC1kb3dubG9hZC1zdWJ0aXRsZSUyMiUzRVZhY2FudGVzJTIwZGlzcG9uaWJsZXMlM0MlMkZkaXYlM0UlMEElMjAlMjAlM0MlMkZkaXYlM0UlMEElM0MlMkZkaXYlM0UlMEE=[\/vc_raw_html][\/vc_column][vc_column width=\u00bb1\/2&#8243;]<div class=\"mgt-header-block clearfix text-center text-black wpb_content_element  mgt-header-block-style-2 mgt-header-texttransform-subheader \"><p class=\"mgt-header-block-subtitle\">UN EQUIPO DE PROFESIONALES A TU DISPOSICI\u00d3N<\/p><h1 class=\"mgt-header-block-title\">Nuestro compromiso<\/h1><\/div>[vc_column_text css=\u00bb\u00bb]<\/p>\n<p style=\"text-align: center;\">Billegas naci\u00f3 como una empresa dedicada a ofrecer soluciones integrales para el sector de la construcci\u00f3n. Con el tiempo, nos hemos especializado en el mantenimiento de comunidades, especialmente en servicios de fontaner\u00eda. Contamos con un equipo de profesionales cualificados y certificados, liderados por la oficina de Ingenier\u00eda y Arquitectura con la que colaboramos.<\/p>\n<p>[\/vc_column_text][\/vc_column][vc_column width=\u00bb1\/4&#8243;][vc_raw_html css=\u00bb\u00bb]JTVCbWd0X3Byb21vX2Jsb2NrX3dwJTIwYmFja2dyb3VuZF9pbWFnZV9pZCUzRCUyMjQ1OCUyMiUyMGNvdmVyaW1hZ2UlM0QlMjIxJTIyJTIwYmxvY2tfd2lkdGglM0QlMjIxMDAlMjUlMjIlMjBibG9ja19oZWlnaHQlM0QlMjIyMDBweCUyMiUyMGNvbnRlbnRfdmElM0QlMjJ0b3AlMjIlMjBkYXJrZW5fb3ZlcmxheV9jb2xvciUzRCUyMiUyM2ZiYmUzZiUyMiUyMGFuaW1hdGVkX292ZXJsYXlfY29sb3IlM0QlMjJyZ2JhJTI4MjU1JTJDMjU1JTJDMjU1JTJDMC43MyUyOSUyMiUyMHRleHRfY29sb3IlM0QlMjJibGFjayUyMiUyMGJ1dHRvbl91cmwlM0QlMjJ1cmwlM0F0ZWwlMjUzQTYyMzk0MzMyNCU3Q3RpdGxlJTNBTGxhbWElMjUyMGFob3JhJTdDdGFyZ2V0JTNBX2JsYW5rJTIyJTIwYnV0dG9uX3N0eWxlJTNEJTIyc29saWQtaW52ZXJ0JTIyJTIwaG92ZXJfZWZmZWN0JTNEJTIyYm91bmNlLXRvLXJpZ2h0JTIyJTIwYnV0dG9uX3RleHRfc2l6ZSUzRCUyMnNtYWxsJTIyJTIwdGV4dF90cmFuZm9ybSUzRCUyMnVwcGVyY2FzZSUyMiUyMGJ1dHRvbl9hbGlnbiUzRCUyMmxlZnQlMjIlMjBidXR0b25fdG9wX21hcmdpbiUzRCUyMmVuYWJsZSUyMiUyMHVuaXF1ZV9ibG9ja19pZCUzRCUyMjc5MjkwMDE4NjYzJTIyJTVEJTBBJTBBJTBBJTBBJTNDaDMlM0UlQzIlQkZUaWVuZXMlMjB1bmElMjBlbWVyZ2VuY2lhJTNGJTNDJTJGaDMlM0UlMEElMEElM0NwJTNFRXN0YW1vcyUyMGRpc3BvbmlibGVzJTIwdG9kbyUyMGVsJTIwYSVDMyVCMW8lMjBsYXMlMjAyNCUyMGhvcmFzJTIwZGVsJTIwZCVDMyVBRGElMjBlbiUyMFZhbGVuY2lhJTIweSUyME1hZHJpZC4lM0MlMkZwJTNFJTVCJTJGbWd0X3Byb21vX2Jsb2NrX3dwJTVE[\/vc_raw_html][\/vc_column][\/vc_row][vc_row][vc_column][vc_separator][\/vc_column][\/vc_row][vc_row full_width=\u00bbstretch_row\u00bb css=\u00bb.vc_custom_1771995846379{padding-bottom: 40px !important;}\u00bb][vc_column width=\u00bb1\/2&#8243;][vc_goo_maps location=\u00bb39.45800044533159, -0.3717692465025776&#8243; css=\u00bb\u00bb][\/vc_column][vc_column width=\u00bb1\/2&#8243;][vc_gallery type=\u00bbimage_grid\u00bb images=\u00bb3294,3296,3297,3298,3299,3267,3305,3309,3308,3307&#8243; css=\u00bb\u00bb][\/vc_column][\/vc_row]<\/p>\n<\/div>","protected":false},"excerpt":{"rendered":"<p>[vc_row css=\u00bb.vc_custom_1465986795347{margin-top: -40px !important;}\u00bb][vc_column][rev_slider_vc alias=\u00bbservice-slider\u00bb][\/vc_column][\/vc_row][vc_row css=\u00bb.vc_custom_1465991303714{margin-top: 30px !important;}\u00bb][vc_column width=\u00bb1\/4&#8243;][vc_raw_html css=\u00bb\u00bb]JTNDZGl2JTIwY2xhc3MlM0QlMjJ3aWRnZXQtZG93bmxvYWQtbGluay13cmFwcGVyJTIyJTNFJTBBJTIwJTIwJTNDZGl2JTIwY2xhc3MlM0QlMjJ3aWRnZXQtZG93bmxvYWQtaWNvbiUyMiUzRSUzQ2klMjBjbGFzcyUzRCUyMmZhJTIwZmEtZmlsZS1wZGYtbyUyMiUzRSUzQyUyRmklM0UlM0MlMkZkaXYlM0UlMEElMjAlMjAlM0NkaXYlMjBjbGFzcyUzRCUyMndpZGdldC1kb3dubG9hZC1kZXRhaWxzJTIyJTNFJTBBJTIwJTIwJTIwJTIwJTNDZGl2JTIwY2xhc3MlM0QlMjJ3aWRnZXQtZG93bmxvYWQtdGl0bGUlMjIlM0UlM0NhJTIwaHJlZiUzRCUyMmh0dHAlM0ElMkYlMkZiaWxsZWdhcy5jb20lMkZ3cC1jb250ZW50JTJGdXBsb2FkcyUyRjIwMjYlMkYwMiUyRkJpbGxlZ2FzZG9zc2llci5wZGYlMjIlMjB0YXJnZXQlM0QlMjJfYmxhbmslMjIlMjByZWwlM0QlMjJub29wZW5lciUyMiUzRVJlc3VtZW4lMjBwcm95ZWN0b3MlM0MlMkZhJTNFJTNDJTJGZGl2JTNFJTBBJTIwJTIwJTIwJTIwJTNDZGl2JTIwY2xhc3MlM0QlMjJ3aWRnZXQtZG93bmxvYWQtc3VidGl0bGUlMjIlM0UyLjMlMjBtYiUyQyUyMFBERiUzQyUyRmRpdiUzRSUwQSUyMCUyMCUzQyUyRmRpdiUzRSUwQSUzQyUyRmRpdiUzRSUwQSUzQ2RpdiUyMGNsYXNzJTNEJTIyd2lkZ2V0LWRvd25sb2FkLWxpbmstd3JhcHBlciUyMiUzRSUwQSUyMCUyMCUzQ2RpdiUyMGNsYXNzJTNEJTIyd2lkZ2V0LWRvd25sb2FkLWljb24lMjIlM0UlM0NpJTIwY2xhc3MlM0QlMjIlMjIlM0UlM0MlMkZpJTNFJTNDJTJGZGl2JTNFJTBBJTIwJTIwJTNDZGl2JTIwY2xhc3MlM0QlMjJ3aWRnZXQtZG93bmxvYWQtZGV0YWlscyUyMiUzRSUwQSUyMCUyMCUyMCUyMCUzQ2RpdiUyMGNsYXNzJTNEJTIyd2lkZ2V0LWRvd25sb2FkLXRpdGxlJTIyJTNFJTNDYSUyMGhyZWYlM0QlMjIlMjIlMjB0YXJnZXQlM0QlMjJfYmxhbmslMjIlMjByZWwlM0QlMjJub29wZW5lciUyMiUzRVRyYWJhamElMjBjb24lMjBub3NvdHJvcyUzQyUyRmElM0UlM0MlMkZkaXYlM0UlMEElMjAlMjAlMjAlMjAlM0NkaXYlMjBjbGFzcyUzRCUyMndpZGdldC1kb3dubG9hZC1zdWJ0aXRsZSUyMiUzRVZhY2FudGVzJTIwZGlzcG9uaWJsZXMlM0MlMkZkaXYlM0UlMEElMjAlMjAlM0MlMkZkaXYlM0UlMEElM0MlMkZkaXYlM0UlMEE=[\/vc_raw_html][\/vc_column][vc_column width=\u00bb1\/2&#8243;][vc_column_text css=\u00bb\u00bb] Billegas naci\u00f3 como una empresa dedicada a ofrecer soluciones integrales para el sector de la construcci\u00f3n. Con el&#8230;<\/p>\n","protected":false},"author":1,"featured_media":0,"parent":0,"menu_order":0,"comment_status":"closed","ping_status":"closed","template":"","meta":{"footnotes":""},"class_list":["post-3055","page","type-page","status-publish","hentry"],"_links":{"self":[{"href":"https:\/\/billegas.com\/index.php?rest_route=\/wp\/v2\/pages\/3055","targetHints":{"allow":["GET"]}}],"collection":[{"href":"https:\/\/billegas.com\/index.php?rest_route=\/wp\/v2\/pages"}],"about":[{"href":"https:\/\/billegas.com\/index.php?rest_route=\/wp\/v2\/types\/page"}],"author":[{"embeddable":true,"href":"https:\/\/billegas.com\/index.php?rest_route=\/wp\/v2\/users\/1"}],"replies":[{"embeddable":true,"href":"https:\/\/billegas.com\/index.php?rest_route=%2Fwp%2Fv2%2Fcomments&post=3055"}],"version-history":[{"count":57,"href":"https:\/\/billegas.com\/index.php?rest_route=\/wp\/v2\/pages\/3055\/revisions"}],"predecessor-version":[{"id":3343,"href":"https:\/\/billegas.com\/index.php?rest_route=\/wp\/v2\/pages\/3055\/revisions\/3343"}],"wp:attachment":[{"href":"https:\/\/billegas.com\/index.php?rest_route=%2Fwp%2Fv2%2Fmedia&parent=3055"}],"curies":[{"name":"wp","href":"https:\/\/api.w.org\/{rel}","templated":true}]}}