{"id":3315,"date":"2026-02-25T06:26:37","date_gmt":"2026-02-25T05:26:37","guid":{"rendered":"http:\/\/billegas.com\/?page_id=3315"},"modified":"2026-02-25T06:26:59","modified_gmt":"2026-02-25T05:26:59","slug":"aviso-legal","status":"publish","type":"page","link":"https:\/\/billegas.com\/?page_id=3315","title":{"rendered":"Aviso legal"},"content":{"rendered":"<div class=\"wpb-content-wrapper\"><p>[vc_row][vc_column]<div class=\"mgt-header-block clearfix text-left text-black wpb_content_element  mgt-header-block-style-1 mgt-header-texttransform-header \"><h2 class=\"mgt-header-block-title\">AVISO LEGAL <\/h2><div class=\"mgt-header-line\"><\/div><\/div>[vc_column_text css=\u00bb\u00bb]<\/p>\n<h2 id=\"aviso-legal\" class=\"mb-2 mt-4 [.has-inline-images_&amp;]:clear-end font-editorial font-bold text-lg first:mt-0 md:text-lg [hr+&amp;]:mt-4\">Aviso Legal<\/h2>\n<p class=\"my-2 [&amp;+p]:mt-4 [&amp;_strong:has(+br)]:inline-block [&amp;_strong:has(+br)]:pb-2\">Demoliciones Marger S.L., con CIF B16399859 y domicilio en Calle Bit\u00e1cora 24, 46012 Valencia, es la titular del sitio web\u00a0<a class=\"reset interactable cursor-pointer decoration-1 underline-offset-1 text-super hover:underline font-semibold\" href=\"http:\/\/www.billegas.com\/\" target=\"_blank\" rel=\"nofollow noopener\"><span class=\"text-box-trim-both\">www.billegas.com<\/span><\/a>. En cumplimiento de la Ley 34\/2002, de 11 de julio, de Servicios de la Sociedad de la Informaci\u00f3n y Comercio Electr\u00f3nico (LSSI-CE), se pone a disposici\u00f3n de los usuarios la siguiente informaci\u00f3n.<\/p>\n<p class=\"my-2 [&amp;+p]:mt-4 [&amp;_strong:has(+br)]:inline-block [&amp;_strong:has(+br)]:pb-2\">El acceso y uso del sitio web implica la aceptaci\u00f3n de estas condiciones generales de uso. El usuario se compromete a utilizar los contenidos y servicios de forma diligente y l\u00edcita, respetando la normativa vigente. Demoliciones Marger S.L. se reserva el derecho a modificar estas condiciones sin previo aviso.<\/p>\n<p class=\"my-2 [&amp;+p]:mt-4 [&amp;_strong:has(+br)]:inline-block [&amp;_strong:has(+br)]:pb-2\">Todos los elementos del sitio (textos, im\u00e1genes, marcas, logotipos, dise\u00f1o) son propiedad de Demoliciones Marger S.L. o sus licenciantes, protegidos por la Ley de Propiedad Intelectual. Queda prohibida su reproducci\u00f3n sin autorizaci\u00f3n expresa.<\/p>\n<p class=\"my-2 [&amp;+p]:mt-4 [&amp;_strong:has(+br)]:inline-block [&amp;_strong:has(+br)]:pb-2\">Para contactar:\u00a0<a class=\"reset interactable cursor-pointer decoration-1 underline-offset-1 text-super hover:underline font-semibold\" href=\"mailto:info@billegas.com\" target=\"_blank\" rel=\"nofollow noopener\"><span class=\"text-box-trim-both\">info@billegas.com<\/span><\/a>.<\/p>\n<p>[\/vc_column_text][\/vc_column][\/vc_row]<\/p>\n<\/div>","protected":false},"excerpt":{"rendered":"<p>[vc_row][vc_column][vc_column_text css=\u00bb\u00bb] Aviso Legal Demoliciones Marger S.L., con CIF B16399859 y domicilio en Calle Bit\u00e1cora 24, 46012 Valencia, es la titular del sitio web\u00a0www.billegas.com. En cumplimiento de la Ley 34\/2002,&#8230;<\/p>\n","protected":false},"author":1,"featured_media":0,"parent":0,"menu_order":0,"comment_status":"closed","ping_status":"closed","template":"","meta":{"footnotes":""},"class_list":["post-3315","page","type-page","status-publish","hentry"],"_links":{"self":[{"href":"https:\/\/billegas.com\/index.php?rest_route=\/wp\/v2\/pages\/3315","targetHints":{"allow":["GET"]}}],"collection":[{"href":"https:\/\/billegas.com\/index.php?rest_route=\/wp\/v2\/pages"}],"about":[{"href":"https:\/\/billegas.com\/index.php?rest_route=\/wp\/v2\/types\/page"}],"author":[{"embeddable":true,"href":"https:\/\/billegas.com\/index.php?rest_route=\/wp\/v2\/users\/1"}],"replies":[{"embeddable":true,"href":"https:\/\/billegas.com\/index.php?rest_route=%2Fwp%2Fv2%2Fcomments&post=3315"}],"version-history":[{"count":1,"href":"https:\/\/billegas.com\/index.php?rest_route=\/wp\/v2\/pages\/3315\/revisions"}],"predecessor-version":[{"id":3316,"href":"https:\/\/billegas.com\/index.php?rest_route=\/wp\/v2\/pages\/3315\/revisions\/3316"}],"wp:attachment":[{"href":"https:\/\/billegas.com\/index.php?rest_route=%2Fwp%2Fv2%2Fmedia&parent=3315"}],"curies":[{"name":"wp","href":"https:\/\/api.w.org\/{rel}","templated":true}]}}